{"id":96,"date":"2018-06-09T17:46:08","date_gmt":"2018-06-09T15:46:08","guid":{"rendered":"http:\/\/www.portoercole.org\/3forti\/?page_id=96"},"modified":"2022-05-12T13:21:38","modified_gmt":"2022-05-12T11:21:38","slug":"richiedi-disponibilita","status":"publish","type":"page","link":"https:\/\/www.portoercole.org\/3forti\/richiedi-disponibilita\/","title":{"rendered":"Richiedi disponibilit\u00e0"},"content":{"rendered":"<h1 style=\"text-align: left;\">Richiesta Disponibilit\u00e0 e Prenotazione<\/h1>\n<p style=\"text-align: center;\"><div class=\"wpforms-container wpforms-container-full\" id=\"wpforms-432\"><form id=\"wpforms-form-432\" class=\"wpforms-validate wpforms-form wpforms-ajax-form\" data-formid=\"432\" method=\"post\" enctype=\"multipart\/form-data\" action=\"\/3forti\/wp-json\/wp\/v2\/pages\/96\" data-token=\"8bf450b62324b73b4920882d1f0d6572\"><noscript class=\"wpforms-error-noscript\">Abilita JavaScript nel browser per completare questo modulo.<\/noscript><div class=\"wpforms-field-container\"><div id=\"wpforms-432-field_1-container\" class=\"wpforms-field wpforms-field-name\" data-field-id=\"1\"><label class=\"wpforms-field-label\" for=\"wpforms-432-field_1\">Nome <span class=\"wpforms-required-label\">*<\/span><\/label><div class=\"wpforms-field-row wpforms-field-medium\"><div class=\"wpforms-field-row-block wpforms-first wpforms-one-half\"><input type=\"text\" id=\"wpforms-432-field_1\" class=\"wpforms-field-name-first wpforms-field-required\" name=\"wpforms[fields][1][first]\" required><label for=\"wpforms-432-field_1\" class=\"wpforms-field-sublabel after \">Nome<\/label><\/div><div class=\"wpforms-field-row-block wpforms-one-half\"><input type=\"text\" id=\"wpforms-432-field_1-last\" class=\"wpforms-field-name-last wpforms-field-required\" name=\"wpforms[fields][1][last]\" required><label for=\"wpforms-432-field_1-last\" class=\"wpforms-field-sublabel after \">Cognome<\/label><\/div><\/div><\/div><div id=\"wpforms-432-field_2-container\" class=\"wpforms-field wpforms-field-number\" data-field-id=\"2\"><label class=\"wpforms-field-label\" for=\"wpforms-432-field_2\">Telefono <span class=\"wpforms-required-label\">*<\/span><\/label><input type=\"number\" pattern=\"\\d*\" id=\"wpforms-432-field_2\" class=\"wpforms-field-medium wpforms-field-required\" name=\"wpforms[fields][2]\" required><\/div><div id=\"wpforms-432-field_5-container\" class=\"wpforms-field wpforms-field-email\" data-field-id=\"5\"><label class=\"wpforms-field-label\" for=\"wpforms-432-field_5\">Email <span class=\"wpforms-required-label\">*<\/span><\/label><input type=\"email\" id=\"wpforms-432-field_5\" class=\"wpforms-field-medium wpforms-field-required\" name=\"wpforms[fields][5]\" spellcheck=\"false\" required><\/div><div id=\"wpforms-432-field_13-container\" class=\"wpforms-field wpforms-field-radio\" data-field-id=\"13\"><label class=\"wpforms-field-label\" for=\"wpforms-432-field_13\">N\u00b0 Ospiti (Max 2 adulti) (per un bambino piccolo scrivere nelle note) <span class=\"wpforms-required-label\">*<\/span><\/label><ul id=\"wpforms-432-field_13\" class=\"wpforms-field-required\"><li class=\"choice-1 depth-1\"><input type=\"radio\" id=\"wpforms-432-field_13_1\" name=\"wpforms[fields][13]\" value=\"1\" required ><label class=\"wpforms-field-label-inline\" for=\"wpforms-432-field_13_1\">1<\/label><\/li><li class=\"choice-2 depth-1\"><input type=\"radio\" id=\"wpforms-432-field_13_2\" name=\"wpforms[fields][13]\" value=\"2\" required ><label class=\"wpforms-field-label-inline\" for=\"wpforms-432-field_13_2\">2<\/label><\/li><\/ul><\/div><div id=\"wpforms-432-field_10-container\" class=\"wpforms-field wpforms-field-text\" data-field-id=\"10\"><label class=\"wpforms-field-label\" for=\"wpforms-432-field_10\">Check in (giorno, mese, anno, - d\/m\/y <span class=\"wpforms-required-label\">*<\/span><\/label><input type=\"text\" id=\"wpforms-432-field_10\" class=\"wpforms-field-small wpforms-field-required wpforms-limit-characters-enabled\" data-form-id=\"432\" data-field-id=\"10\" data-text-limit=\"10\" name=\"wpforms[fields][10]\" maxlength=\"10\" required><\/div><div id=\"wpforms-432-field_11-container\" class=\"wpforms-field wpforms-field-text\" data-field-id=\"11\"><label class=\"wpforms-field-label\" for=\"wpforms-432-field_11\">Check out (giorno, mese, anno, - d\/m\/y <span class=\"wpforms-required-label\">*<\/span><\/label><input type=\"text\" id=\"wpforms-432-field_11\" class=\"wpforms-field-small wpforms-field-required wpforms-limit-characters-enabled\" data-form-id=\"432\" data-field-id=\"11\" data-text-limit=\"10\" name=\"wpforms[fields][11]\" maxlength=\"10\" required><\/div><div id=\"wpforms-432-field_7-container\" class=\"wpforms-field wpforms-field-select wpforms-field-select-style-classic\" data-field-id=\"7\"><label class=\"wpforms-field-label\" for=\"wpforms-432-field_7\">Parcheggio <span class=\"wpforms-required-label\">*<\/span><\/label><select id=\"wpforms-432-field_7\" class=\"wpforms-field-medium wpforms-field-required\" name=\"wpforms[fields][7]\" required=\"required\"><option value=\"no\/indifferente\" >no\/indifferente<\/option><option value=\"Box garage  (+ 5 euro al giorno)\" >Box garage  (+ 5 euro al giorno)<\/option><option value=\"Posto auto riservato esterno\" >Posto auto riservato esterno<\/option><\/select><\/div><div id=\"wpforms-432-field_8-container\" class=\"wpforms-field wpforms-field-select wpforms-field-select-style-classic\" data-field-id=\"8\"><label class=\"wpforms-field-label\" for=\"wpforms-432-field_8\">Preferisco contatto <span class=\"wpforms-required-label\">*<\/span><\/label><select id=\"wpforms-432-field_8\" class=\"wpforms-field-medium wpforms-field-required\" name=\"wpforms[fields][8]\" required=\"required\"><option value=\"Indifferente\" >Indifferente<\/option><option value=\"E.mail\" >E.mail<\/option><option value=\"Whatsapp\" >Whatsapp<\/option><option value=\"SMS\" >SMS<\/option><\/select><\/div><div id=\"wpforms-432-field_9-container\" class=\"wpforms-field wpforms-field-text\" data-field-id=\"9\"><label class=\"wpforms-field-label\" for=\"wpforms-432-field_9\">Note<\/label><input type=\"text\" id=\"wpforms-432-field_9\" class=\"wpforms-field-medium wpforms-limit-characters-enabled\" data-form-id=\"432\" data-field-id=\"9\" data-text-limit=\"500\" name=\"wpforms[fields][9]\" maxlength=\"500\" ><\/div><div id=\"wpforms-432-field_14-container\" class=\"wpforms-field wpforms-field-checkbox\" data-field-id=\"14\"><label class=\"wpforms-field-label\" for=\"wpforms-432-field_14\"> Con l&#039;invio del presente modulo acconsento al trattamento dei dati personali trasmessi, ai sensi del D.Lgs 196\/2003 e dell&#039;art 13 GDPR (Regolamento UE 2016\/679) <span class=\"wpforms-required-label\">*<\/span><\/label><ul id=\"wpforms-432-field_14\" class=\"wpforms-field-required\"><li class=\"choice-1 depth-1\"><input type=\"checkbox\" id=\"wpforms-432-field_14_1\" name=\"wpforms[fields][14][]\" value=\"si\" required ><label class=\"wpforms-field-label-inline\" for=\"wpforms-432-field_14_1\">si<\/label><\/li><\/ul><\/div><\/div><!-- .wpforms-field-container --><div class=\"wpforms-recaptcha-container wpforms-is-recaptcha\" ><div class=\"g-recaptcha\" data-sitekey=\"6Ld9KV4UAAAAAMe5EMMEdMVXb2BthHJcXBRffQcJ\"><\/div><input type=\"text\" name=\"g-recaptcha-hidden\" class=\"wpforms-recaptcha-hidden\" style=\"position:absolute!important;clip:rect(0,0,0,0)!important;height:1px!important;width:1px!important;border:0!important;overflow:hidden!important;padding:0!important;margin:0!important;\" data-rule-recaptcha=\"1\"><\/div><div class=\"wpforms-submit-container\" ><input type=\"hidden\" name=\"wpforms[id]\" value=\"432\"><input type=\"hidden\" name=\"wpforms[author]\" value=\"1\"><button type=\"submit\" name=\"wpforms[submit]\" id=\"wpforms-submit-432\" class=\"wpforms-submit\" data-alt-text=\"Invio in corso...\" data-submit-text=\"Invia\" aria-live=\"assertive\" value=\"wpforms-submit\">Invia<\/button><img src=\"https:\/\/www.portoercole.org\/3forti\/wp-content\/plugins\/wpforms-lite\/assets\/images\/submit-spin.svg\" class=\"wpforms-submit-spinner\" style=\"display: none;\" width=\"26\" height=\"26\" alt=\"Caricamento\"><\/div><\/form><\/div>  <!-- .wpforms-container --><\/p>\n<p style=\"text-align: center;\">La stanza \u00e8 ottimale per due persone, esiste un branda di emergenza ma sconsiglio a meno di non poterne veramente fare a meno<br \/>\nNel caso vi fosse la necessit\u00e0 di richedere il pernottamento per pi\u00f9 di due persone consiglio di compilare questa form<br \/>\n<a href=\"http:\/\/www.bookingportoercole.it\/booking-form-porto-ercole\/\" target=\"_blank\" rel=\"noopener\"><span style=\"color: #0000ff; font-size: 18pt;\"><strong>www.bookingportoercole.it\/booking-form-porto-ercole\/<\/strong><\/span><\/a><\/p>\n<p><a href=\"http:\/\/www.bookingportoercole.it\" target=\"_blank\" rel=\"noopener\"><img decoding=\"async\" loading=\"lazy\" class=\"aligncenter wp-image-162\" src=\"http:\/\/www.portoercole.org\/3forti\/wp-content\/uploads\/2018\/06\/cropped-text4600052-300x33.png\" alt=\"\" width=\"336\" height=\"37\" srcset=\"https:\/\/www.portoercole.org\/3forti\/wp-content\/uploads\/2018\/06\/cropped-text4600052-300x33.png 300w, https:\/\/www.portoercole.org\/3forti\/wp-content\/uploads\/2018\/06\/cropped-text4600052-768x84.png 768w, https:\/\/www.portoercole.org\/3forti\/wp-content\/uploads\/2018\/06\/cropped-text4600052-1024x112.png 1024w, https:\/\/www.portoercole.org\/3forti\/wp-content\/uploads\/2018\/06\/cropped-text4600052.png 1881w\" sizes=\"(max-width: 336px) 100vw, 336px\" \/><\/a><a href=\"http:\/\/www.portoercole.org\" target=\"_blank\" rel=\"noopener\"><img decoding=\"async\" loading=\"lazy\" class=\"aligncenter wp-image-163 size-medium\" src=\"http:\/\/www.portoercole.org\/3forti\/wp-content\/uploads\/2018\/06\/portoercolorgweb-300x37.png\" alt=\"\" width=\"300\" height=\"37\" srcset=\"https:\/\/www.portoercole.org\/3forti\/wp-content\/uploads\/2018\/06\/portoercolorgweb-300x37.png 300w, https:\/\/www.portoercole.org\/3forti\/wp-content\/uploads\/2018\/06\/portoercolorgweb.png 450w\" sizes=\"(max-width: 300px) 100vw, 300px\" \/><\/a><a href=\"http:\/\/www.absoft.it\/blog\" target=\"_blank\" rel=\"noopener\"><img decoding=\"async\" loading=\"lazy\" class=\"aligncenter wp-image-161\" src=\"http:\/\/www.portoercole.org\/3forti\/wp-content\/uploads\/2018\/06\/g429c8-300x164.jpg\" alt=\"\" width=\"216\" height=\"118\" \/><\/a><\/p>\n","protected":false},"excerpt":{"rendered":"<p>Richiesta Disponibilit\u00e0 e Prenotazione La stanza \u00e8 ottimale per due persone, esiste un branda di emergenza ma sconsiglio a meno di non poterne veramente fare a meno Nel caso vi fosse la necessit\u00e0 di richedere il pernottamento per pi\u00f9 di due persone consiglio di compilare questa form www.bookingportoercole.it\/booking-form-porto-ercole\/<\/p>\n","protected":false},"author":1,"featured_media":315,"parent":0,"menu_order":0,"comment_status":"closed","ping_status":"closed","template":"","meta":[],"categories":[],"tags":[],"yoast_head":"<!-- This site is optimized with the Yoast SEO plugin v20.4 - https:\/\/yoast.com\/wordpress\/plugins\/seo\/ -->\r\n<title>Richiedi disponibilit\u00e0 - Affittacamere Tre Forti<\/title>\r\n<meta name=\"robots\" content=\"index, follow, max-snippet:-1, max-image-preview:large, max-video-preview:-1\" \/>\r\n<link rel=\"canonical\" href=\"https:\/\/www.portoercole.org\/3forti\/richiedi-disponibilita\/\" \/>\r\n<meta property=\"og:locale\" content=\"it_IT\" \/>\r\n<meta property=\"og:type\" content=\"article\" \/>\r\n<meta property=\"og:title\" content=\"Richiedi disponibilit\u00e0 - Affittacamere Tre Forti\" \/>\r\n<meta property=\"og:description\" content=\"Richiesta Disponibilit\u00e0 e Prenotazione La stanza \u00e8 ottimale per due persone, esiste un branda di emergenza ma sconsiglio a meno di non poterne veramente fare a meno Nel caso vi fosse la necessit\u00e0 di richedere il pernottamento per pi\u00f9 di due persone consiglio di compilare questa form www.bookingportoercole.it\/booking-form-porto-ercole\/\" \/>\r\n<meta property=\"og:url\" content=\"https:\/\/www.portoercole.org\/3forti\/richiedi-disponibilita\/\" \/>\r\n<meta property=\"og:site_name\" content=\"Affittacamere Tre Forti\" \/>\r\n<meta property=\"article:modified_time\" content=\"2022-05-12T11:21:38+00:00\" \/>\r\n<meta property=\"og:image\" content=\"https:\/\/www.portoercole.org\/3forti\/wp-content\/uploads\/2018\/06\/logo3-1.png\" \/>\r\n\t<meta property=\"og:image:width\" content=\"1863\" \/>\r\n\t<meta property=\"og:image:height\" content=\"995\" \/>\r\n\t<meta property=\"og:image:type\" content=\"image\/png\" \/>\r\n<meta name=\"twitter:card\" content=\"summary_large_image\" \/>\r\n<script type=\"application\/ld+json\" class=\"yoast-schema-graph\">{\"@context\":\"https:\/\/schema.org\",\"@graph\":[{\"@type\":\"WebPage\",\"@id\":\"https:\/\/www.portoercole.org\/3forti\/richiedi-disponibilita\/\",\"url\":\"https:\/\/www.portoercole.org\/3forti\/richiedi-disponibilita\/\",\"name\":\"Richiedi disponibilit? - Affittacamere Tre Forti\",\"isPartOf\":{\"@id\":\"https:\/\/www.portoercole.org\/3forti\/#website\"},\"datePublished\":\"2018-06-09T15:46:08+00:00\",\"dateModified\":\"2022-05-12T11:21:38+00:00\",\"breadcrumb\":{\"@id\":\"https:\/\/www.portoercole.org\/3forti\/richiedi-disponibilita\/#breadcrumb\"},\"inLanguage\":\"it-IT\",\"potentialAction\":[{\"@type\":\"ReadAction\",\"target\":[\"https:\/\/www.portoercole.org\/3forti\/richiedi-disponibilita\/\"]}]},{\"@type\":\"BreadcrumbList\",\"@id\":\"https:\/\/www.portoercole.org\/3forti\/richiedi-disponibilita\/#breadcrumb\",\"itemListElement\":[{\"@type\":\"ListItem\",\"position\":1,\"name\":\"Home\",\"item\":\"https:\/\/www.portoercole.org\/3forti\/\"},{\"@type\":\"ListItem\",\"position\":2,\"name\":\"Richiedi disponibilit?\"}]},{\"@type\":\"WebSite\",\"@id\":\"https:\/\/www.portoercole.org\/3forti\/#website\",\"url\":\"https:\/\/www.portoercole.org\/3forti\/\",\"name\":\"Affittacamere Tre Forti\",\"description\":\"Affittacamere Tre Forti\",\"publisher\":{\"@id\":\"https:\/\/www.portoercole.org\/3forti\/#\/schema\/person\/50a99a859943fbeca0d7df1cc2503311\"},\"potentialAction\":[{\"@type\":\"SearchAction\",\"target\":{\"@type\":\"EntryPoint\",\"urlTemplate\":\"https:\/\/www.portoercole.org\/3forti\/?s={search_term_string}\"},\"query-input\":\"required name=search_term_string\"}],\"inLanguage\":\"it-IT\"},{\"@type\":[\"Person\",\"Organization\"],\"@id\":\"https:\/\/www.portoercole.org\/3forti\/#\/schema\/person\/50a99a859943fbeca0d7df1cc2503311\",\"name\":\"Albert\",\"image\":{\"@type\":\"ImageObject\",\"inLanguage\":\"it-IT\",\"@id\":\"https:\/\/www.portoercole.org\/3forti\/#\/schema\/person\/image\/\",\"url\":\"https:\/\/www.portoercole.org\/3forti\/wp-content\/uploads\/2018\/06\/cropped-cropped-logo3-e1528997712330-1.png\",\"contentUrl\":\"https:\/\/www.portoercole.org\/3forti\/wp-content\/uploads\/2018\/06\/cropped-cropped-logo3-e1528997712330-1.png\",\"width\":150,\"height\":80,\"caption\":\"Albert\"},\"logo\":{\"@id\":\"https:\/\/www.portoercole.org\/3forti\/#\/schema\/person\/image\/\"}}]}<\/script>\r\n<!-- \/ Yoast SEO plugin. -->","yoast_head_json":{"title":"Richiedi disponibilit\u00e0 - Affittacamere Tre Forti","robots":{"index":"index","follow":"follow","max-snippet":"max-snippet:-1","max-image-preview":"max-image-preview:large","max-video-preview":"max-video-preview:-1"},"canonical":"https:\/\/www.portoercole.org\/3forti\/richiedi-disponibilita\/","og_locale":"it_IT","og_type":"article","og_title":"Richiedi disponibilit\u00e0 - Affittacamere Tre Forti","og_description":"Richiesta Disponibilit\u00e0 e Prenotazione La stanza \u00e8 ottimale per due persone, esiste un branda di emergenza ma sconsiglio a meno di non poterne veramente fare a meno Nel caso vi fosse la necessit\u00e0 di richedere il pernottamento per pi\u00f9 di due persone consiglio di compilare questa form www.bookingportoercole.it\/booking-form-porto-ercole\/","og_url":"https:\/\/www.portoercole.org\/3forti\/richiedi-disponibilita\/","og_site_name":"Affittacamere Tre Forti","article_modified_time":"2022-05-12T11:21:38+00:00","og_image":[{"width":1863,"height":995,"url":"https:\/\/www.portoercole.org\/3forti\/wp-content\/uploads\/2018\/06\/logo3-1.png","type":"image\/png"}],"twitter_card":"summary_large_image","schema":{"@context":"https:\/\/schema.org","@graph":[{"@type":"WebPage","@id":"https:\/\/www.portoercole.org\/3forti\/richiedi-disponibilita\/","url":"https:\/\/www.portoercole.org\/3forti\/richiedi-disponibilita\/","name":"Richiedi disponibilit? - Affittacamere Tre Forti","isPartOf":{"@id":"https:\/\/www.portoercole.org\/3forti\/#website"},"datePublished":"2018-06-09T15:46:08+00:00","dateModified":"2022-05-12T11:21:38+00:00","breadcrumb":{"@id":"https:\/\/www.portoercole.org\/3forti\/richiedi-disponibilita\/#breadcrumb"},"inLanguage":"it-IT","potentialAction":[{"@type":"ReadAction","target":["https:\/\/www.portoercole.org\/3forti\/richiedi-disponibilita\/"]}]},{"@type":"BreadcrumbList","@id":"https:\/\/www.portoercole.org\/3forti\/richiedi-disponibilita\/#breadcrumb","itemListElement":[{"@type":"ListItem","position":1,"name":"Home","item":"https:\/\/www.portoercole.org\/3forti\/"},{"@type":"ListItem","position":2,"name":"Richiedi disponibilit?"}]},{"@type":"WebSite","@id":"https:\/\/www.portoercole.org\/3forti\/#website","url":"https:\/\/www.portoercole.org\/3forti\/","name":"Affittacamere Tre Forti","description":"Affittacamere Tre Forti","publisher":{"@id":"https:\/\/www.portoercole.org\/3forti\/#\/schema\/person\/50a99a859943fbeca0d7df1cc2503311"},"potentialAction":[{"@type":"SearchAction","target":{"@type":"EntryPoint","urlTemplate":"https:\/\/www.portoercole.org\/3forti\/?s={search_term_string}"},"query-input":"required name=search_term_string"}],"inLanguage":"it-IT"},{"@type":["Person","Organization"],"@id":"https:\/\/www.portoercole.org\/3forti\/#\/schema\/person\/50a99a859943fbeca0d7df1cc2503311","name":"Albert","image":{"@type":"ImageObject","inLanguage":"it-IT","@id":"https:\/\/www.portoercole.org\/3forti\/#\/schema\/person\/image\/","url":"https:\/\/www.portoercole.org\/3forti\/wp-content\/uploads\/2018\/06\/cropped-cropped-logo3-e1528997712330-1.png","contentUrl":"https:\/\/www.portoercole.org\/3forti\/wp-content\/uploads\/2018\/06\/cropped-cropped-logo3-e1528997712330-1.png","width":150,"height":80,"caption":"Albert"},"logo":{"@id":"https:\/\/www.portoercole.org\/3forti\/#\/schema\/person\/image\/"}}]}},"_links":{"self":[{"href":"https:\/\/www.portoercole.org\/3forti\/wp-json\/wp\/v2\/pages\/96"}],"collection":[{"href":"https:\/\/www.portoercole.org\/3forti\/wp-json\/wp\/v2\/pages"}],"about":[{"href":"https:\/\/www.portoercole.org\/3forti\/wp-json\/wp\/v2\/types\/page"}],"author":[{"embeddable":true,"href":"https:\/\/www.portoercole.org\/3forti\/wp-json\/wp\/v2\/users\/1"}],"replies":[{"embeddable":true,"href":"https:\/\/www.portoercole.org\/3forti\/wp-json\/wp\/v2\/comments?post=96"}],"version-history":[{"count":12,"href":"https:\/\/www.portoercole.org\/3forti\/wp-json\/wp\/v2\/pages\/96\/revisions"}],"predecessor-version":[{"id":454,"href":"https:\/\/www.portoercole.org\/3forti\/wp-json\/wp\/v2\/pages\/96\/revisions\/454"}],"wp:featuredmedia":[{"embeddable":true,"href":"https:\/\/www.portoercole.org\/3forti\/wp-json\/wp\/v2\/media\/315"}],"wp:attachment":[{"href":"https:\/\/www.portoercole.org\/3forti\/wp-json\/wp\/v2\/media?parent=96"}],"wp:term":[{"taxonomy":"category","embeddable":true,"href":"https:\/\/www.portoercole.org\/3forti\/wp-json\/wp\/v2\/categories?post=96"},{"taxonomy":"post_tag","embeddable":true,"href":"https:\/\/www.portoercole.org\/3forti\/wp-json\/wp\/v2\/tags?post=96"}],"curies":[{"name":"wp","href":"https:\/\/api.w.org\/{rel}","templated":true}]}}